{"id":1393,"date":"2021-11-18T19:00:17","date_gmt":"2021-11-18T18:00:17","guid":{"rendered":"https:\/\/filmspielplatz.de\/?page_id=1393"},"modified":"2022-03-03T19:45:30","modified_gmt":"2022-03-03T18:45:30","slug":"sitemap","status":"publish","type":"page","link":"https:\/\/filmspielplatz.de\/tr\/sitemap\/","title":{"rendered":"Sitemap"},"content":{"rendered":"<p><strong><div class=\"wsp-container\"><h2 class=\"wsp-pages-title\">Pages<\/h2>\n<ul class=\"wsp-pages-list\">\n<li class=\"page_item page-item-1365\"><a href=\"https:\/\/filmspielplatz.de\/tr\/audiodeskription\/\">Audiodeskription TR<\/a><\/li>\n<li class=\"page_item page-item-1387\"><a href=\"https:\/\/filmspielplatz.de\/tr\/datenschutz\/\">Datenschutz<\/a><\/li>\n<li class=\"page_item page-item-1369\"><a href=\"https:\/\/filmspielplatz.de\/tr\/\">Filmspielplatz<\/a><\/li>\n<li class=\"page_item page-item-1361\"><a href=\"https:\/\/filmspielplatz.de\/tr\/impressum\/\">Impressum<\/a><\/li>\n<li class=\"page_item page-item-1085\"><a href=\"https:\/\/filmspielplatz.de\/tr\/merhaba\/\">Merhaba!<\/a><\/li>\n<li class=\"page_item page-item-1393\"><a href=\"https:\/\/filmspielplatz.de\/tr\/sitemap\/\">Sitemap<\/a><\/li>\n<\/ul>\n<h2 class=\"wsp-posts-title\">Posts by category<\/h2>\n<ul class=\"wsp-posts-list\">\n\t<li><strong class=\"wsp-category-title\">Category: <a href=\"https:\/\/filmspielplatz.de\/tr\/kendin-yap\/\">Kendin Yap<\/a><\/strong>\n<ul class=\"wsp-posts-list\">\t\t<li class=\"wsp-post\">Kendin Yap \u2013 <a href=\"https:\/\/filmspielplatz.de\/tr\/kendin-yap\/bueyuelue-doenuesuem-oyun-hamuruyla-animasyon\/\">B\u00fcy\u00fcl\u00fc D\u00f6n\u00fc\u015f\u00fcm: Oyun Hamuruyla Animasyon<\/a><\/li>\n\t\t<li class=\"wsp-post\">Kendin Yap \u2013 <a href=\"https:\/\/filmspielplatz.de\/tr\/kendin-yap\/verkehrte-welt-camera-obscura\/\">Ters D\u00fcnya: Karanl\u0131k Oda<\/a><\/li>\n<\/ul><\/li>\n\t<li><strong class=\"wsp-category-title\">Category: <a href=\"https:\/\/filmspielplatz.de\/tr\/kisa-filmler\/\">K\u0131sa Filmler<\/a><\/strong>\n<ul class=\"wsp-posts-list\">\t\t<li class=\"wsp-post\">K\u0131sa Filmler \u2013 <a href=\"https:\/\/filmspielplatz.de\/tr\/kisa-filmler\/gesicht-des-bahnhofs\/\">Gesicht des Bahnhofs (Tren&#8217;in Y\u00fcz\u00fc)<\/a><\/li>\n\t\t<li class=\"wsp-post\">K\u0131sa Filmler \u2013 <a href=\"https:\/\/filmspielplatz.de\/tr\/kisa-filmler\/color-maker\/\">Color Maker<\/a><\/li>\n<\/ul><\/li>\n<\/ul>\n<\/div><\/strong><\/p>\r\n\r\n\r\n\r\n\r\n","protected":false},"excerpt":{"rendered":"","protected":false},"author":1,"featured_media":0,"parent":0,"menu_order":0,"comment_status":"closed","ping_status":"closed","template":"","meta":{"_acf_changed":false,"footnotes":""},"class_list":["post-1393","page","type-page","status-publish","hentry"],"acf":[],"yoast_head":"<!-- This site is optimized with the Yoast SEO plugin v27.4 - https:\/\/yoast.com\/product\/yoast-seo-wordpress\/ -->\n<title>Sitemap - Film Oyun Park\u0131<\/title>\n<meta name=\"robots\" content=\"index, follow, max-snippet:-1, max-image-preview:large, max-video-preview:-1\" \/>\n<link rel=\"canonical\" href=\"https:\/\/filmspielplatz.de\/tr\/sitemap\/\" \/>\n<meta property=\"og:locale\" content=\"tr_TR\" \/>\n<meta property=\"og:type\" content=\"article\" \/>\n<meta property=\"og:title\" content=\"Sitemap - Film Oyun Park\u0131\" \/>\n<meta property=\"og:url\" content=\"https:\/\/filmspielplatz.de\/tr\/sitemap\/\" \/>\n<meta property=\"og:site_name\" content=\"Film Oyun Park\u0131\" \/>\n<meta property=\"article:modified_time\" content=\"2022-03-03T18:45:30+00:00\" \/>\n<meta name=\"twitter:card\" content=\"summary_large_image\" \/>\n<meta name=\"twitter:label1\" content=\"Tahmini okuma s\u00fcresi\" \/>\n\t<meta name=\"twitter:data1\" content=\"1 dakika\" \/>\n<script type=\"application\/ld+json\" class=\"yoast-schema-graph\">{\"@context\":\"https:\\\/\\\/schema.org\",\"@graph\":[{\"@type\":\"WebPage\",\"@id\":\"https:\\\/\\\/filmspielplatz.de\\\/tr\\\/sitemap\\\/\",\"url\":\"https:\\\/\\\/filmspielplatz.de\\\/tr\\\/sitemap\\\/\",\"name\":\"Sitemap - Film Oyun Park\u0131\",\"isPartOf\":{\"@id\":\"https:\\\/\\\/filmspielplatz.de\\\/tr\\\/#website\"},\"datePublished\":\"2021-11-18T18:00:17+00:00\",\"dateModified\":\"2022-03-03T18:45:30+00:00\",\"breadcrumb\":{\"@id\":\"https:\\\/\\\/filmspielplatz.de\\\/tr\\\/sitemap\\\/#breadcrumb\"},\"inLanguage\":\"tr\",\"potentialAction\":[{\"@type\":\"ReadAction\",\"target\":[\"https:\\\/\\\/filmspielplatz.de\\\/tr\\\/sitemap\\\/\"]}]},{\"@type\":\"BreadcrumbList\",\"@id\":\"https:\\\/\\\/filmspielplatz.de\\\/tr\\\/sitemap\\\/#breadcrumb\",\"itemListElement\":[{\"@type\":\"ListItem\",\"position\":1,\"name\":\"Ana Sayfa\",\"item\":\"https:\\\/\\\/filmspielplatz.de\\\/tr\\\/\"},{\"@type\":\"ListItem\",\"position\":2,\"name\":\"Sitemap\"}]},{\"@type\":\"WebSite\",\"@id\":\"https:\\\/\\\/filmspielplatz.de\\\/tr\\\/#website\",\"url\":\"https:\\\/\\\/filmspielplatz.de\\\/tr\\\/\",\"name\":\"Film Oyun Park\u0131\",\"description\":\"Deutsches Filmmuseum Frankfurt\",\"publisher\":{\"@id\":\"https:\\\/\\\/filmspielplatz.de\\\/tr\\\/#organization\"},\"potentialAction\":[{\"@type\":\"SearchAction\",\"target\":{\"@type\":\"EntryPoint\",\"urlTemplate\":\"https:\\\/\\\/filmspielplatz.de\\\/tr\\\/?s={search_term_string}\"},\"query-input\":{\"@type\":\"PropertyValueSpecification\",\"valueRequired\":true,\"valueName\":\"search_term_string\"}}],\"inLanguage\":\"tr\"},{\"@type\":\"Organization\",\"@id\":\"https:\\\/\\\/filmspielplatz.de\\\/tr\\\/#organization\",\"name\":\"Filmspielplatz\",\"url\":\"https:\\\/\\\/filmspielplatz.de\\\/tr\\\/\",\"logo\":{\"@type\":\"ImageObject\",\"inLanguage\":\"tr\",\"@id\":\"https:\\\/\\\/filmspielplatz.de\\\/tr\\\/#\\\/schema\\\/logo\\\/image\\\/\",\"url\":\"https:\\\/\\\/filmspielplatz.de\\\/wp-content\\\/uploads\\\/2021\\\/11\\\/Beitragsbild_Fortbildung.jpg\",\"contentUrl\":\"https:\\\/\\\/filmspielplatz.de\\\/wp-content\\\/uploads\\\/2021\\\/11\\\/Beitragsbild_Fortbildung.jpg\",\"width\":600,\"height\":600,\"caption\":\"Filmspielplatz\"},\"image\":{\"@id\":\"https:\\\/\\\/filmspielplatz.de\\\/tr\\\/#\\\/schema\\\/logo\\\/image\\\/\"}}]}<\/script>\n<!-- \/ Yoast SEO plugin. -->","yoast_head_json":{"title":"Sitemap - Film Oyun Park\u0131","robots":{"index":"index","follow":"follow","max-snippet":"max-snippet:-1","max-image-preview":"max-image-preview:large","max-video-preview":"max-video-preview:-1"},"canonical":"https:\/\/filmspielplatz.de\/tr\/sitemap\/","og_locale":"tr_TR","og_type":"article","og_title":"Sitemap - Film Oyun Park\u0131","og_url":"https:\/\/filmspielplatz.de\/tr\/sitemap\/","og_site_name":"Film Oyun Park\u0131","article_modified_time":"2022-03-03T18:45:30+00:00","twitter_card":"summary_large_image","twitter_misc":{"Tahmini okuma s\u00fcresi":"1 dakika"},"schema":{"@context":"https:\/\/schema.org","@graph":[{"@type":"WebPage","@id":"https:\/\/filmspielplatz.de\/tr\/sitemap\/","url":"https:\/\/filmspielplatz.de\/tr\/sitemap\/","name":"Sitemap - Film Oyun Park\u0131","isPartOf":{"@id":"https:\/\/filmspielplatz.de\/tr\/#website"},"datePublished":"2021-11-18T18:00:17+00:00","dateModified":"2022-03-03T18:45:30+00:00","breadcrumb":{"@id":"https:\/\/filmspielplatz.de\/tr\/sitemap\/#breadcrumb"},"inLanguage":"tr","potentialAction":[{"@type":"ReadAction","target":["https:\/\/filmspielplatz.de\/tr\/sitemap\/"]}]},{"@type":"BreadcrumbList","@id":"https:\/\/filmspielplatz.de\/tr\/sitemap\/#breadcrumb","itemListElement":[{"@type":"ListItem","position":1,"name":"Ana Sayfa","item":"https:\/\/filmspielplatz.de\/tr\/"},{"@type":"ListItem","position":2,"name":"Sitemap"}]},{"@type":"WebSite","@id":"https:\/\/filmspielplatz.de\/tr\/#website","url":"https:\/\/filmspielplatz.de\/tr\/","name":"Film Oyun Park\u0131","description":"Deutsches Filmmuseum Frankfurt","publisher":{"@id":"https:\/\/filmspielplatz.de\/tr\/#organization"},"potentialAction":[{"@type":"SearchAction","target":{"@type":"EntryPoint","urlTemplate":"https:\/\/filmspielplatz.de\/tr\/?s={search_term_string}"},"query-input":{"@type":"PropertyValueSpecification","valueRequired":true,"valueName":"search_term_string"}}],"inLanguage":"tr"},{"@type":"Organization","@id":"https:\/\/filmspielplatz.de\/tr\/#organization","name":"Filmspielplatz","url":"https:\/\/filmspielplatz.de\/tr\/","logo":{"@type":"ImageObject","inLanguage":"tr","@id":"https:\/\/filmspielplatz.de\/tr\/#\/schema\/logo\/image\/","url":"https:\/\/filmspielplatz.de\/wp-content\/uploads\/2021\/11\/Beitragsbild_Fortbildung.jpg","contentUrl":"https:\/\/filmspielplatz.de\/wp-content\/uploads\/2021\/11\/Beitragsbild_Fortbildung.jpg","width":600,"height":600,"caption":"Filmspielplatz"},"image":{"@id":"https:\/\/filmspielplatz.de\/tr\/#\/schema\/logo\/image\/"}}]}},"_links":{"self":[{"href":"https:\/\/filmspielplatz.de\/tr\/wp-json\/wp\/v2\/pages\/1393","targetHints":{"allow":["GET"]}}],"collection":[{"href":"https:\/\/filmspielplatz.de\/tr\/wp-json\/wp\/v2\/pages"}],"about":[{"href":"https:\/\/filmspielplatz.de\/tr\/wp-json\/wp\/v2\/types\/page"}],"author":[{"embeddable":true,"href":"https:\/\/filmspielplatz.de\/tr\/wp-json\/wp\/v2\/users\/1"}],"replies":[{"embeddable":true,"href":"https:\/\/filmspielplatz.de\/tr\/wp-json\/wp\/v2\/comments?post=1393"}],"version-history":[{"count":2,"href":"https:\/\/filmspielplatz.de\/tr\/wp-json\/wp\/v2\/pages\/1393\/revisions"}],"predecessor-version":[{"id":2213,"href":"https:\/\/filmspielplatz.de\/tr\/wp-json\/wp\/v2\/pages\/1393\/revisions\/2213"}],"wp:attachment":[{"href":"https:\/\/filmspielplatz.de\/tr\/wp-json\/wp\/v2\/media?parent=1393"}],"curies":[{"name":"wp","href":"https:\/\/api.w.org\/{rel}","templated":true}]}}