{"id":1365,"date":"2021-11-18T14:22:04","date_gmt":"2021-11-18T13:22:04","guid":{"rendered":"https:\/\/filmspielplatz.de\/?page_id=1365"},"modified":"2021-11-18T14:22:21","modified_gmt":"2021-11-18T13:22:21","slug":"audiodeskription","status":"publish","type":"page","link":"https:\/\/filmspielplatz.de\/tr\/audiodeskription\/","title":{"rendered":"Audiodeskription TR"},"content":{"rendered":"<hr>\n<div>\n<div class=\"responsive-video\">\n: <iframe loading=\"lazy\" src=\"https:\/\/player.vimeo.com\/video\/583003193\" width=\"640\" height=\"360\" frameborder=\"0\" allow=\"autoplay; fullscreen; picture-in-picture\" allowfullscreen><\/iframe>    <\/div>\n<\/div>\n<div>\n<h2>Herzlich willkommen auf dem Filmspielplatz!<\/h2>\n<p>Hier findet ihr euch <strong>Inhalte in Deutscher Geb\u00e4rdensprache und mit Untertiteln<\/strong>. Unten auf dieser Seite k\u00f6nnt ihr sehen, welche Pakete und Videos das betrifft.<\/p>\n<p>Wenn es dort einen Clip oder ein Video gibt, in dem gesprochen wird, findet ihr darunter Kn\u00f6pfe mit den drei Buchstaben DGS oder den zwei Buchstaben UT.<\/p>\n<p>Wenn ihr darauf klickt, findet ihr den Clip in Geb\u00e4rdensprache und mit Untertiteln zum Mitlesen.<\/p>\n<\/div>\n<hr>\n<p><img decoding=\"async\" src=\"\/wp-content\/uploads\/2021\/07\/UT.png\" alt=\"\"><\/p>\n<h2>Mit Untertitel <\/h2>\n<div>\n<\/div>\n<p><img decoding=\"async\" src=\"\/wp-content\/uploads\/2021\/07\/DGS.png\" alt=\"\"><\/p>\n<h2>In Geb\u00e4rdensprache<\/h2>\n<div>\n<\/div>\n<p><!--more--><br \/>\n<!-- {\"name\":\"Kurzfilmdarstellung\",\"type\":\"layout\",\"children\":[{\"type\":\"section\",\"props\":{\"style\":\"default\",\"width\":\"expand\",\"vertical_align\":\"middle\",\"title_position\":\"top-left\",\"title_rotation\":\"left\",\"title_breakpoint\":\"xl\",\"image_position\":\"center-center\",\"padding_remove_bottom\":false,\"padding\":\"none\"},\"children\":[{\"type\":\"row\",\"children\":[{\"type\":\"column\",\"props\":{\"image_position\":\"center-center\",\"media_overlay_gradient\":\"\",\"padding\":\"large\",\"id\":\"startnavi\"},\"children\":[{\"type\":\"divider\",\"props\":{\"divider_element\":\"hr\",\"margin\":\"remove-vertical\"}}]}],\"props\":{\"margin\":\"default\"}}]},{\"type\":\"section\",\"props\":{\"style\":\"default\",\"width\":\"expand\",\"vertical_align\":\"middle\",\"title_position\":\"top-left\",\"title_rotation\":\"left\",\"title_breakpoint\":\"xl\",\"image_position\":\"center-center\",\"padding_remove_top\":true},\"children\":[{\"type\":\"row\",\"children\":[{\"type\":\"column\",\"props\":{\"image_position\":\"center-center\",\"media_overlay_gradient\":\"\"},\"children\":[{\"type\":\"breadcrumbs\",\"props\":{\"show_home\":true,\"show_current\":true,\"margin_remove_top\":true,\"home_text\":\"Start\"}},{\"type\":\"headline\",\"props\":{\"title_element\":\"h1\",\"margin\":\"large\"},\"source\":{\"query\":{\"name\":\"pages.singlePage\"},\"props\":{\"content\":{\"filters\":{\"search\":\"\"},\"name\":\"title\"}}}}]}]},{\"type\":\"row\",\"props\":{\"width\":\"small\"},\"children\":[{\"type\":\"column\",\"props\":{\"image_position\":\"center-center\",\"media_overlay_gradient\":\"\"},\"children\":[{\"type\":\"html\",\"props\":{\"content\":\"\n\n<div class=\\\"responsive-video\\\">\\n: <iframe src=\\\"https:\\\/\\\/player.vimeo.com\\\/video\\\/583003193\\\" width=\\\"640\\\" height=\\\"360\\\" frameborder=\\\"0\\\" allow=\\\"autoplay; fullscreen; picture-in-picture\\\" allowfullscreen><\\\/iframe>    <\\\/div>\"}}]}]},{\"type\":\"row\",\"children\":[{\"type\":\"column\",\"props\":{\"image_position\":\"center-center\",\"media_overlay_gradient\":\"\"},\"children\":[{\"type\":\"text\",\"props\":{\"margin\":\"default\",\"column_breakpoint\":\"m\",\"content\":\"\n\n<h2>Herzlich willkommen auf dem Filmspielplatz!<\\\/h2>\\n\n\n<p>Hier findet ihr euch <strong>Inhalte in Deutscher Geb\\u00e4rdensprache und mit Untertiteln<\\\/strong>. Unten auf dieser Seite k\\u00f6nnt ihr sehen, welche Pakete und Videos das betrifft.<\\\/p>\\n\n\n<p>Wenn es dort einen Clip oder ein Video gibt, in dem gesprochen wird, findet ihr darunter Kn\\u00f6pfe mit den drei Buchstaben DGS oder den zwei Buchstaben UT.<\\\/p>\\n\n\n<p>Wenn ihr darauf klickt, findet ihr den Clip in Geb\\u00e4rdensprache und mit Untertiteln zum Mitlesen.<\\\/p>\"}},{\"type\":\"divider\",\"props\":{\"divider_element\":\"hr\"}}]}]}],\"name\":\"Hauptbereich\"},{\"type\":\"section\",\"props\":{\"style\":\"default\",\"width\":\"expand\",\"vertical_align\":\"middle\",\"title_position\":\"top-left\",\"title_rotation\":\"left\",\"title_breakpoint\":\"xl\",\"image_position\":\"center-center\",\"padding_remove_top\":true},\"children\":[{\"type\":\"row\",\"children\":[{\"type\":\"column\",\"props\":{\"image_position\":\"center-center\",\"media_overlay_gradient\":\"\",\"width_medium\":\"1-5\",\"vertical_align\":\"middle\"},\"children\":[{\"type\":\"image\",\"props\":{\"margin\":\"default\",\"image_svg_color\":\"emphasis\",\"image\":\"wp-content\\\/uploads\\\/2021\\\/07\\\/UT.png\"}}]},{\"type\":\"column\",\"props\":{\"image_position\":\"center-center\",\"media_overlay_gradient\":\"\",\"width_medium\":\"4-5\",\"vertical_align\":\"middle\"},\"children\":[{\"type\":\"headline\",\"props\":{\"title_element\":\"h2\",\"content\":\"Mit Untertitel \"}}]}],\"props\":{\"layout\":\"1-5,4-5\"}},{\"type\":\"row\",\"children\":[{\"type\":\"column\",\"props\":{\"image_position\":\"center-center\",\"media_overlay_gradient\":\"\"},\"children\":[{\"type\":\"grid\",\"props\":{\"show_title\":true,\"show_meta\":true,\"show_content\":true,\"show_image\":true,\"show_link\":true,\"grid_default\":\"1\",\"grid_medium\":\"4\",\"filter_style\":\"tab\",\"filter_all\":true,\"filter_position\":\"top\",\"filter_align\":\"left\",\"filter_grid_width\":\"auto\",\"filter_grid_breakpoint\":\"m\",\"title_hover_style\":\"reset\",\"title_element\":\"h3\",\"title_align\":\"top\",\"title_grid_width\":\"1-2\",\"title_grid_breakpoint\":\"m\",\"meta_style\":\"meta\",\"meta_align\":\"below-title\",\"meta_element\":\"div\",\"content_column_breakpoint\":\"m\",\"icon_width\":80,\"image_align\":\"top\",\"image_grid_width\":\"1-2\",\"image_grid_breakpoint\":\"m\",\"image_svg_color\":\"emphasis\",\"link_text\":\"\",\"link_style\":\"default\",\"margin\":\"default\",\"item_animation\":true,\"image_width\":\"500\",\"image_height\":\"500\",\"grid_small\":\"2\",\"class\":\"movielister\",\"panel_link\":true},\"children\":[{\"type\":\"grid_item\",\"source\":{\"query\":{\"name\":\"posts.customPosts\",\"arguments\":{\"terms\":[29],\"category_operator\":\"IN\",\"post_tag_operator\":\"IN\",\"users\":[],\"users_operator\":\"IN\",\"offset\":0,\"limit\":100,\"order\":\"date\",\"order_direction\":\"DESC\"}},\"props\":{\"title\":{\"filters\":{\"search\":\"\"},\"name\":\"title\"},\"image\":{\"filters\":{\"search\":\"\"},\"name\":\"featuredImage.url\"},\"image_alt\":{\"filters\":{\"search\":\"\"},\"name\":\"featuredImage.alt\"},\"link\":{\"filters\":{\"search\":\"\"},\"name\":\"link\"}}}}]}]}]}],\"name\":\"Kategorien\"},{\"type\":\"section\",\"props\":{\"style\":\"default\",\"width\":\"expand\",\"vertical_align\":\"middle\",\"title_position\":\"top-left\",\"title_rotation\":\"left\",\"title_breakpoint\":\"xl\",\"image_position\":\"center-center\",\"padding_remove_top\":true},\"children\":[{\"type\":\"row\",\"children\":[{\"type\":\"column\",\"props\":{\"image_position\":\"center-center\",\"media_overlay_gradient\":\"\",\"width_medium\":\"1-5\",\"vertical_align\":\"middle\"},\"children\":[{\"type\":\"image\",\"props\":{\"margin\":\"default\",\"image_svg_color\":\"emphasis\",\"image\":\"wp-content\\\/uploads\\\/2021\\\/07\\\/DGS.png\"}}]},{\"type\":\"column\",\"props\":{\"image_position\":\"center-center\",\"media_overlay_gradient\":\"\",\"width_medium\":\"4-5\",\"vertical_align\":\"middle\"},\"children\":[{\"type\":\"headline\",\"props\":{\"title_element\":\"h2\",\"content\":\"In Geb\\u00e4rdensprache\"}}]}],\"props\":{\"layout\":\"1-5,4-5\"}},{\"type\":\"row\",\"children\":[{\"type\":\"column\",\"props\":{\"image_position\":\"center-center\",\"media_overlay_gradient\":\"\"},\"children\":[{\"type\":\"grid\",\"props\":{\"show_title\":true,\"show_meta\":true,\"show_content\":true,\"show_image\":true,\"show_link\":true,\"grid_default\":\"1\",\"grid_medium\":\"4\",\"filter_style\":\"tab\",\"filter_all\":true,\"filter_position\":\"top\",\"filter_align\":\"left\",\"filter_grid_width\":\"auto\",\"filter_grid_breakpoint\":\"m\",\"title_hover_style\":\"reset\",\"title_element\":\"h3\",\"title_align\":\"top\",\"title_grid_width\":\"1-2\",\"title_grid_breakpoint\":\"m\",\"meta_style\":\"meta\",\"meta_align\":\"below-title\",\"meta_element\":\"div\",\"content_column_breakpoint\":\"m\",\"icon_width\":80,\"image_align\":\"top\",\"image_grid_width\":\"1-2\",\"image_grid_breakpoint\":\"m\",\"image_svg_color\":\"emphasis\",\"link_text\":\"\",\"link_style\":\"default\",\"margin\":\"default\",\"item_animation\":true,\"image_width\":\"500\",\"image_height\":\"500\",\"grid_small\":\"2\",\"class\":\"movielister\",\"panel_link\":true},\"children\":[{\"type\":\"grid_item\",\"source\":{\"query\":{\"name\":\"posts.customPosts\",\"arguments\":{\"terms\":[30],\"category_operator\":\"IN\",\"post_tag_operator\":\"IN\",\"users\":[],\"users_operator\":\"IN\",\"offset\":0,\"limit\":100,\"order\":\"date\",\"order_direction\":\"DESC\"}},\"props\":{\"title\":{\"filters\":{\"search\":\"\"},\"name\":\"title\"},\"image\":{\"filters\":{\"search\":\"\"},\"name\":\"featuredImage.url\"},\"image_alt\":{\"filters\":{\"search\":\"\"},\"name\":\"featuredImage.alt\"},\"link\":{\"filters\":{\"search\":\"\"},\"name\":\"link\"}}}}]}]}]}],\"name\":\"Kategorien\"}],\"version\":\"2.6.9\"} --><\/p>\n","protected":false},"excerpt":{"rendered":"<p>: Herzlich willkommen auf dem Filmspielplatz! Hier findet ihr euch Inhalte in Deutscher Geb\u00e4rdensprache und mit Untertiteln. Unten auf dieser Seite k\u00f6nnt ihr sehen, welche Pakete und Videos das betrifft. Wenn es dort einen Clip oder ein Video gibt, in dem gesprochen wird, findet ihr darunter Kn\u00f6pfe mit den drei Buchstaben DGS oder den zwei [&hellip;]<\/p>\n","protected":false},"author":1,"featured_media":0,"parent":0,"menu_order":0,"comment_status":"closed","ping_status":"closed","template":"","meta":{"_acf_changed":false,"footnotes":""},"class_list":["post-1365","page","type-page","status-publish","hentry"],"acf":[],"yoast_head":"<!-- This site is optimized with the Yoast SEO plugin v27.4 - https:\/\/yoast.com\/product\/yoast-seo-wordpress\/ -->\n<title>Audiodeskription TR - Film Oyun Park\u0131<\/title>\n<meta name=\"robots\" content=\"index, follow, max-snippet:-1, max-image-preview:large, max-video-preview:-1\" \/>\n<link rel=\"canonical\" href=\"https:\/\/filmspielplatz.de\/tr\/audiodeskription\/\" \/>\n<meta property=\"og:locale\" content=\"tr_TR\" \/>\n<meta property=\"og:type\" content=\"article\" \/>\n<meta property=\"og:title\" content=\"Audiodeskription TR - Film Oyun Park\u0131\" \/>\n<meta property=\"og:description\" content=\": Herzlich willkommen auf dem Filmspielplatz! Hier findet ihr euch Inhalte in Deutscher Geb\u00e4rdensprache und mit Untertiteln. Unten auf dieser Seite k\u00f6nnt ihr sehen, welche Pakete und Videos das betrifft. Wenn es dort einen Clip oder ein Video gibt, in dem gesprochen wird, findet ihr darunter Kn\u00f6pfe mit den drei Buchstaben DGS oder den zwei [&hellip;]\" \/>\n<meta property=\"og:url\" content=\"https:\/\/filmspielplatz.de\/tr\/audiodeskription\/\" \/>\n<meta property=\"og:site_name\" content=\"Film Oyun Park\u0131\" \/>\n<meta property=\"article:modified_time\" content=\"2021-11-18T13:22:21+00:00\" \/>\n<meta property=\"og:image\" content=\"https:\/\/filmspielplatz.de\/wp-content\/uploads\/2021\/07\/UT.png\" \/>\n<meta name=\"twitter:card\" content=\"summary_large_image\" \/>\n<script type=\"application\/ld+json\" class=\"yoast-schema-graph\">{\"@context\":\"https:\\\/\\\/schema.org\",\"@graph\":[{\"@type\":\"WebPage\",\"@id\":\"https:\\\/\\\/filmspielplatz.de\\\/tr\\\/audiodeskription\\\/\",\"url\":\"https:\\\/\\\/filmspielplatz.de\\\/tr\\\/audiodeskription\\\/\",\"name\":\"Audiodeskription TR - Film Oyun Park\u0131\",\"isPartOf\":{\"@id\":\"https:\\\/\\\/filmspielplatz.de\\\/tr\\\/#website\"},\"datePublished\":\"2021-11-18T13:22:04+00:00\",\"dateModified\":\"2021-11-18T13:22:21+00:00\",\"breadcrumb\":{\"@id\":\"https:\\\/\\\/filmspielplatz.de\\\/tr\\\/audiodeskription\\\/#breadcrumb\"},\"inLanguage\":\"tr\",\"potentialAction\":[{\"@type\":\"ReadAction\",\"target\":[\"https:\\\/\\\/filmspielplatz.de\\\/tr\\\/audiodeskription\\\/\"]}]},{\"@type\":\"BreadcrumbList\",\"@id\":\"https:\\\/\\\/filmspielplatz.de\\\/tr\\\/audiodeskription\\\/#breadcrumb\",\"itemListElement\":[{\"@type\":\"ListItem\",\"position\":1,\"name\":\"Ana Sayfa\",\"item\":\"https:\\\/\\\/filmspielplatz.de\\\/tr\\\/\"},{\"@type\":\"ListItem\",\"position\":2,\"name\":\"Audiodeskription TR\"}]},{\"@type\":\"WebSite\",\"@id\":\"https:\\\/\\\/filmspielplatz.de\\\/tr\\\/#website\",\"url\":\"https:\\\/\\\/filmspielplatz.de\\\/tr\\\/\",\"name\":\"Film Oyun Park\u0131\",\"description\":\"Deutsches Filmmuseum Frankfurt\",\"publisher\":{\"@id\":\"https:\\\/\\\/filmspielplatz.de\\\/tr\\\/#organization\"},\"potentialAction\":[{\"@type\":\"SearchAction\",\"target\":{\"@type\":\"EntryPoint\",\"urlTemplate\":\"https:\\\/\\\/filmspielplatz.de\\\/tr\\\/?s={search_term_string}\"},\"query-input\":{\"@type\":\"PropertyValueSpecification\",\"valueRequired\":true,\"valueName\":\"search_term_string\"}}],\"inLanguage\":\"tr\"},{\"@type\":\"Organization\",\"@id\":\"https:\\\/\\\/filmspielplatz.de\\\/tr\\\/#organization\",\"name\":\"Filmspielplatz\",\"url\":\"https:\\\/\\\/filmspielplatz.de\\\/tr\\\/\",\"logo\":{\"@type\":\"ImageObject\",\"inLanguage\":\"tr\",\"@id\":\"https:\\\/\\\/filmspielplatz.de\\\/tr\\\/#\\\/schema\\\/logo\\\/image\\\/\",\"url\":\"https:\\\/\\\/filmspielplatz.de\\\/wp-content\\\/uploads\\\/2021\\\/11\\\/Beitragsbild_Fortbildung.jpg\",\"contentUrl\":\"https:\\\/\\\/filmspielplatz.de\\\/wp-content\\\/uploads\\\/2021\\\/11\\\/Beitragsbild_Fortbildung.jpg\",\"width\":600,\"height\":600,\"caption\":\"Filmspielplatz\"},\"image\":{\"@id\":\"https:\\\/\\\/filmspielplatz.de\\\/tr\\\/#\\\/schema\\\/logo\\\/image\\\/\"}}]}<\/script>\n<!-- \/ Yoast SEO plugin. -->","yoast_head_json":{"title":"Audiodeskription TR - Film Oyun Park\u0131","robots":{"index":"index","follow":"follow","max-snippet":"max-snippet:-1","max-image-preview":"max-image-preview:large","max-video-preview":"max-video-preview:-1"},"canonical":"https:\/\/filmspielplatz.de\/tr\/audiodeskription\/","og_locale":"tr_TR","og_type":"article","og_title":"Audiodeskription TR - Film Oyun Park\u0131","og_description":": Herzlich willkommen auf dem Filmspielplatz! Hier findet ihr euch Inhalte in Deutscher Geb\u00e4rdensprache und mit Untertiteln. Unten auf dieser Seite k\u00f6nnt ihr sehen, welche Pakete und Videos das betrifft. Wenn es dort einen Clip oder ein Video gibt, in dem gesprochen wird, findet ihr darunter Kn\u00f6pfe mit den drei Buchstaben DGS oder den zwei [&hellip;]","og_url":"https:\/\/filmspielplatz.de\/tr\/audiodeskription\/","og_site_name":"Film Oyun Park\u0131","article_modified_time":"2021-11-18T13:22:21+00:00","og_image":[{"url":"https:\/\/filmspielplatz.de\/wp-content\/uploads\/2021\/07\/UT.png","type":"","width":"","height":""}],"twitter_card":"summary_large_image","schema":{"@context":"https:\/\/schema.org","@graph":[{"@type":"WebPage","@id":"https:\/\/filmspielplatz.de\/tr\/audiodeskription\/","url":"https:\/\/filmspielplatz.de\/tr\/audiodeskription\/","name":"Audiodeskription TR - Film Oyun Park\u0131","isPartOf":{"@id":"https:\/\/filmspielplatz.de\/tr\/#website"},"datePublished":"2021-11-18T13:22:04+00:00","dateModified":"2021-11-18T13:22:21+00:00","breadcrumb":{"@id":"https:\/\/filmspielplatz.de\/tr\/audiodeskription\/#breadcrumb"},"inLanguage":"tr","potentialAction":[{"@type":"ReadAction","target":["https:\/\/filmspielplatz.de\/tr\/audiodeskription\/"]}]},{"@type":"BreadcrumbList","@id":"https:\/\/filmspielplatz.de\/tr\/audiodeskription\/#breadcrumb","itemListElement":[{"@type":"ListItem","position":1,"name":"Ana Sayfa","item":"https:\/\/filmspielplatz.de\/tr\/"},{"@type":"ListItem","position":2,"name":"Audiodeskription TR"}]},{"@type":"WebSite","@id":"https:\/\/filmspielplatz.de\/tr\/#website","url":"https:\/\/filmspielplatz.de\/tr\/","name":"Film Oyun Park\u0131","description":"Deutsches Filmmuseum Frankfurt","publisher":{"@id":"https:\/\/filmspielplatz.de\/tr\/#organization"},"potentialAction":[{"@type":"SearchAction","target":{"@type":"EntryPoint","urlTemplate":"https:\/\/filmspielplatz.de\/tr\/?s={search_term_string}"},"query-input":{"@type":"PropertyValueSpecification","valueRequired":true,"valueName":"search_term_string"}}],"inLanguage":"tr"},{"@type":"Organization","@id":"https:\/\/filmspielplatz.de\/tr\/#organization","name":"Filmspielplatz","url":"https:\/\/filmspielplatz.de\/tr\/","logo":{"@type":"ImageObject","inLanguage":"tr","@id":"https:\/\/filmspielplatz.de\/tr\/#\/schema\/logo\/image\/","url":"https:\/\/filmspielplatz.de\/wp-content\/uploads\/2021\/11\/Beitragsbild_Fortbildung.jpg","contentUrl":"https:\/\/filmspielplatz.de\/wp-content\/uploads\/2021\/11\/Beitragsbild_Fortbildung.jpg","width":600,"height":600,"caption":"Filmspielplatz"},"image":{"@id":"https:\/\/filmspielplatz.de\/tr\/#\/schema\/logo\/image\/"}}]}},"_links":{"self":[{"href":"https:\/\/filmspielplatz.de\/tr\/wp-json\/wp\/v2\/pages\/1365","targetHints":{"allow":["GET"]}}],"collection":[{"href":"https:\/\/filmspielplatz.de\/tr\/wp-json\/wp\/v2\/pages"}],"about":[{"href":"https:\/\/filmspielplatz.de\/tr\/wp-json\/wp\/v2\/types\/page"}],"author":[{"embeddable":true,"href":"https:\/\/filmspielplatz.de\/tr\/wp-json\/wp\/v2\/users\/1"}],"replies":[{"embeddable":true,"href":"https:\/\/filmspielplatz.de\/tr\/wp-json\/wp\/v2\/comments?post=1365"}],"version-history":[{"count":2,"href":"https:\/\/filmspielplatz.de\/tr\/wp-json\/wp\/v2\/pages\/1365\/revisions"}],"predecessor-version":[{"id":1367,"href":"https:\/\/filmspielplatz.de\/tr\/wp-json\/wp\/v2\/pages\/1365\/revisions\/1367"}],"wp:attachment":[{"href":"https:\/\/filmspielplatz.de\/tr\/wp-json\/wp\/v2\/media?parent=1365"}],"curies":[{"name":"wp","href":"https:\/\/api.w.org\/{rel}","templated":true}]}}