{"id":1085,"date":"2021-11-15T12:35:59","date_gmt":"2021-11-15T11:35:59","guid":{"rendered":"https:\/\/filmspielplatz.de\/merhaba\/"},"modified":"2022-09-08T13:21:42","modified_gmt":"2022-09-08T11:21:42","slug":"merhaba","status":"publish","type":"page","link":"https:\/\/filmspielplatz.de\/tr\/merhaba\/","title":{"rendered":"Merhaba!"},"content":{"rendered":"<hr>\n<div>\n<div class=\"responsive-video\">\n<iframe loading=\"lazy\" src=\"https:\/\/player.vimeo.com\/video\/654885362?h=1f19d001b8\" width=\"640\" height=\"564\" frameborder=\"0\" allow=\"autoplay; fullscreen\" allowfullscreen><\/iframe>  <\/div>\n<\/div>\n<div>\n<p>Film oyun park\u0131na ho\u015f geldiniz. \u0130yi ki buradas\u0131n\u0131z! Burada heyecan verici, komik veya \u00e7\u0131lg\u0131n k\u0131sa filmler ve deneyebilece\u011finiz bir\u00e7ok fikir bulacaks\u0131n\u0131z. \u015e\u00f6yle ki: Film oyun park\u0131 logosuna t\u0131klad\u0131\u011f\u0131n\u0131zda, hemen ba\u015flayabilece\u011finiz birka\u00e7 film \u00f6nerisi g\u00f6receksiniz.<\/p>\n<p>Ke\u015ffedilecek daha \u00e7ok \u015fey var: <a href=\"http:\/\/fifilmspielplatz.de\/tr\/kisa-filmler\/\">K\u0131sa filmlere<\/a> t\u0131klay\u0131n. Burada eski ve yeni filmleri ke\u015ffedebilir ve kendinizi sineman\u0131n renkli d\u00fcnyas\u0131na kapt\u0131rabilirsiniz. Ba\u015flang\u0131\u00e7ta bir kar\u015f\u0131lama vard\u0131r, ard\u0131ndan heyecanl\u0131 bir film g\u00f6sterilir. Ve sonra size g\u00f6rd\u00fckleriniz veya duyduklar\u0131n\u0131z hakk\u0131nda biraz daha bilgi veririz. Son b\u00f6l\u00fcmde ise sizin aktif olman\u0131z i\u00e7in \u00f6neriler verilir. Bu \u00f6neriler sadece bizden gelmiyorlar: di\u011fer \u00e7ocuklar da fikirlerini burada sizinle payla\u015f\u0131yorlar.<\/p>\n<p><a href=\"https:\/\/filmspielplatz.de\/tr\/kendin-yap\/\">Kendin Yap&#8217;a<\/a> da bir g\u00f6z at\u0131n: Burada kendi sanat yap\u0131tlar\u0131n\u0131z i\u00e7in ipu\u00e7lar\u0131 ve p\u00fcf noktalar\u0131 i\u00e7eren bir\u00e7ok komik a\u00e7\u0131klay\u0131c\u0131 film vard\u0131r. Uzmanlar\u0131m\u0131z size kendi kendinize nas\u0131l film \u00e7ekebilece\u011finizi veya komik aletleri nas\u0131l deneyebilece\u011finizi g\u00f6steriyor. \u00d6rne\u011fin, hamur ve karton ile nas\u0131l \u00e7izgi film yap\u0131laca\u011f\u0131n\u0131 ya da aniden d\u00fcnyay\u0131 alt \u00fcst eden bir &#8220;karanl\u0131k oday\u0131&#8221; nas\u0131l in\u015fa edebilece\u011finizi \u00f6\u011frenebilirsiniz.<\/p>\n<p>Bir de yeti\u015fkinler i\u00e7in bir b\u00f6l\u00fcm var, <a href=\"https:\/\/filmspielplatz.de\/forum\/\">Forum<\/a>. Ebeveynleriniz veya \u00f6\u011fretmenleriniz de oraya bir g\u00f6z atabilir.<\/p>\n<p>Bu arada: Film oyun park\u0131n\u0131n baz\u0131 b\u00f6l\u00fcmleri Almanca d\u0131\u015f\u0131ndaki dillerde de mevcut Bu b\u00f6l\u00fcmleri Arap\u00e7a, Leh\u00e7e ve T\u00fcrk\u00e7e olarak dinleyebilir veya Almanca i\u015faret dilinde izleyebilirsiniz. Ayr\u0131ca sesli betimlemeli, yani sesli film olarak baz\u0131 filmler de var. Film park\u0131ndaki di\u011fer \u015feyleri anlamak kolay, ke\u015ffedilmeyi bekliyorlar.<\/p>\n<p>\u00c7ok konu\u015ftum, s\u0131ra sizde! Film izlerken, park\u0131 ke\u015ffederken ve \u00f6\u011frendiklerinizi denerken iyi e\u011flenin!<\/p>\n<\/div>\n<p><!--more--><br \/>\n<!-- {\"name\":\"Statische Unterseite\",\"type\":\"layout\",\"children\":[{\"type\":\"section\",\"props\":{\"style\":\"default\",\"width\":\"expand\",\"vertical_align\":\"middle\",\"title_position\":\"top-left\",\"title_rotation\":\"left\",\"title_breakpoint\":\"xl\",\"image_position\":\"center-center\",\"padding_remove_bottom\":false,\"padding_remove_top\":true},\"children\":[{\"type\":\"row\",\"children\":[{\"type\":\"column\",\"props\":{\"image_position\":\"center-center\",\"media_overlay_gradient\":\"\",\"padding\":\"large\",\"id\":\"startnavi\",\"position_sticky_breakpoint\":\"m\"},\"children\":[{\"type\":\"divider\",\"props\":{\"divider_element\":\"hr\",\"margin\":\"remove-vertical\"}},{\"type\":\"breadcrumbs\",\"props\":{\"show_home\":true,\"show_current\":true,\"margin_remove_top\":true,\"home_text\":\"Ana Sayfa \"}}]}],\"props\":{\"margin\":\"default\",\"margin_remove_top\":false}}]},{\"type\":\"section\",\"props\":{\"style\":\"default\",\"width\":\"expand\",\"vertical_align\":\"middle\",\"title_position\":\"top-left\",\"title_rotation\":\"left\",\"title_breakpoint\":\"xl\",\"image_position\":\"center-center\",\"padding_remove_top\":true,\"padding\":\"none\"},\"children\":[{\"type\":\"row\",\"children\":[{\"type\":\"column\",\"props\":{\"image_position\":\"center-center\",\"media_overlay_gradient\":\"\",\"position_sticky_breakpoint\":\"m\"},\"children\":[{\"type\":\"headline\",\"props\":{\"title_element\":\"h1\",\"margin\":\"large\"},\"source\":{\"query\":{\"name\":\"pages.singlePage\"},\"props\":{\"content\":{\"filters\":{\"search\":\"\"},\"name\":\"title\"}}}}]}]},{\"type\":\"row\",\"props\":{\"width\":\"default\"},\"children\":[{\"type\":\"column\",\"props\":{\"image_position\":\"center-center\",\"media_overlay_gradient\":\"\",\"position_sticky_breakpoint\":\"m\"},\"children\":[{\"type\":\"html\",\"props\":{\"content\":\"\n\n<div class=\\\"responsive-video\\\">\\n<iframe src=\\\"https:\\\/\\\/player.vimeo.com\\\/video\\\/654885362?h=1f19d001b8\\\" width=\\\"640\\\" height=\\\"564\\\" frameborder=\\\"0\\\" allow=\\\"autoplay; fullscreen\\\" allowfullscreen><\\\/iframe>  <\\\/div>\",\"status\":\"\",\"yooessentials_access_conditions\":[{\"type\":\"yooessentials_access_ipgeolocation\",\"props\":{\"countries\":\"DE\\nCH\\nAT\"}}],\"yooessentials_access_mode\":\"AND\"}}]}]},{\"type\":\"row\",\"children\":[{\"type\":\"column\",\"props\":{\"image_position\":\"center-center\",\"media_overlay_gradient\":\"\",\"position_sticky_breakpoint\":\"m\"},\"children\":[{\"type\":\"text\",\"props\":{\"margin\":\"default\",\"column_breakpoint\":\"m\",\"content\":\"\n\n<p>Film oyun park\\u0131na ho\\u015f geldiniz. \\u0130yi ki buradas\\u0131n\\u0131z! Burada heyecan verici, komik veya \\u00e7\\u0131lg\\u0131n k\\u0131sa filmler ve deneyebilece\\u011finiz bir\\u00e7ok fikir bulacaks\\u0131n\\u0131z. \\u015e\\u00f6yle ki: Film oyun park\\u0131 logosuna t\\u0131klad\\u0131\\u011f\\u0131n\\u0131zda, hemen ba\\u015flayabilece\\u011finiz birka\\u00e7 film \\u00f6nerisi g\\u00f6receksiniz.<\\\/p>\\n\n\n<p>Ke\\u015ffedilecek daha \\u00e7ok \\u015fey var: <a href=\\\"http:\\\/\\\/fifilmspielplatz.de\\\/tr\\\/kisa-filmler\\\/\\\">K\\u0131sa filmlere<\\\/a> t\\u0131klay\\u0131n. Burada eski ve yeni filmleri ke\\u015ffedebilir ve kendinizi sineman\\u0131n renkli d\\u00fcnyas\\u0131na kapt\\u0131rabilirsiniz. Ba\\u015flang\\u0131\\u00e7ta bir kar\\u015f\\u0131lama vard\\u0131r, ard\\u0131ndan heyecanl\\u0131 bir film g\\u00f6sterilir. Ve sonra size g\\u00f6rd\\u00fckleriniz veya duyduklar\\u0131n\\u0131z hakk\\u0131nda biraz daha bilgi veririz. Son b\\u00f6l\\u00fcmde ise sizin aktif olman\\u0131z i\\u00e7in \\u00f6neriler verilir. Bu \\u00f6neriler sadece bizden gelmiyorlar: di\\u011fer \\u00e7ocuklar da fikirlerini burada sizinle payla\\u015f\\u0131yorlar.<\\\/p>\\n\n\n<p><a href=\\\"https:\\\/\\\/filmspielplatz.de\\\/tr\\\/kendin-yap\\\/\\\">Kendin Yap'a<\\\/a> da bir g\\u00f6z at\\u0131n: Burada kendi sanat yap\\u0131tlar\\u0131n\\u0131z i\\u00e7in ipu\\u00e7lar\\u0131 ve p\\u00fcf noktalar\\u0131 i\\u00e7eren bir\\u00e7ok komik a\\u00e7\\u0131klay\\u0131c\\u0131 film vard\\u0131r. Uzmanlar\\u0131m\\u0131z size kendi kendinize nas\\u0131l film \\u00e7ekebilece\\u011finizi veya komik aletleri nas\\u0131l deneyebilece\\u011finizi g\\u00f6steriyor. \\u00d6rne\\u011fin, hamur ve karton ile nas\\u0131l \\u00e7izgi film yap\\u0131laca\\u011f\\u0131n\\u0131 ya da aniden d\\u00fcnyay\\u0131 alt \\u00fcst eden bir \\\"karanl\\u0131k oday\\u0131\\\" nas\\u0131l in\\u015fa edebilece\\u011finizi \\u00f6\\u011frenebilirsiniz.<\\\/p>\\n\n\n<p>Bir de yeti\\u015fkinler i\\u00e7in bir b\\u00f6l\\u00fcm var, <a href=\\\"https:\\\/\\\/filmspielplatz.de\\\/forum\\\/\\\">Forum<\\\/a>. Ebeveynleriniz veya \\u00f6\\u011fretmenleriniz de oraya bir g\\u00f6z atabilir.<\\\/p>\\n\n\n<p>Bu arada: Film oyun park\\u0131n\\u0131n baz\\u0131 b\\u00f6l\\u00fcmleri Almanca d\\u0131\\u015f\\u0131ndaki dillerde de mevcut Bu b\\u00f6l\\u00fcmleri Arap\\u00e7a, Leh\\u00e7e ve T\\u00fcrk\\u00e7e olarak dinleyebilir veya Almanca i\\u015faret dilinde izleyebilirsiniz. Ayr\\u0131ca sesli betimlemeli, yani sesli film olarak baz\\u0131 filmler de var. Film park\\u0131ndaki di\\u011fer \\u015feyleri anlamak kolay, ke\\u015ffedilmeyi bekliyorlar.<\\\/p>\\n\n\n<p>\\u00c7ok konu\\u015ftum, s\\u0131ra sizde! Film izlerken, park\\u0131 ke\\u015ffederken ve \\u00f6\\u011frendiklerinizi denerken iyi e\\u011flenin!<\\\/p>\"}}]}]}],\"name\":\"Hauptbereich\"}],\"version\":\"2.7.26\",\"yooessentialsVersion\":\"1.7.7\"} --><\/p>\n","protected":false},"excerpt":{"rendered":"<p>Film oyun park\u0131na ho\u015f geldiniz. \u0130yi ki buradas\u0131n\u0131z! Burada heyecan verici, komik veya \u00e7\u0131lg\u0131n k\u0131sa filmler ve deneyebilece\u011finiz bir\u00e7ok fikir bulacaks\u0131n\u0131z. \u015e\u00f6yle ki: Film oyun park\u0131 logosuna t\u0131klad\u0131\u011f\u0131n\u0131zda, hemen ba\u015flayabilece\u011finiz birka\u00e7 film \u00f6nerisi g\u00f6receksiniz. Ke\u015ffedilecek daha \u00e7ok \u015fey var: K\u0131sa filmlere t\u0131klay\u0131n. Burada eski ve yeni filmleri ke\u015ffedebilir ve kendinizi sineman\u0131n renkli d\u00fcnyas\u0131na kapt\u0131rabilirsiniz. Ba\u015flang\u0131\u00e7ta [&hellip;]<\/p>\n","protected":false},"author":1,"featured_media":0,"parent":0,"menu_order":0,"comment_status":"closed","ping_status":"closed","template":"","meta":{"_acf_changed":false,"footnotes":""},"class_list":["post-1085","page","type-page","status-publish","hentry"],"acf":[],"yoast_head":"<!-- This site is optimized with the Yoast SEO plugin v27.1.1 - https:\/\/yoast.com\/product\/yoast-seo-wordpress\/ -->\n<title>Merhaba! - Film Oyun Park\u0131<\/title>\n<meta name=\"robots\" content=\"index, follow, max-snippet:-1, max-image-preview:large, max-video-preview:-1\" \/>\n<link rel=\"canonical\" href=\"https:\/\/filmspielplatz.de\/tr\/merhaba\/\" \/>\n<meta property=\"og:locale\" content=\"tr_TR\" \/>\n<meta property=\"og:type\" content=\"article\" \/>\n<meta property=\"og:title\" content=\"Merhaba! - Film Oyun Park\u0131\" \/>\n<meta property=\"og:description\" content=\"Film oyun park\u0131na ho\u015f geldiniz. \u0130yi ki buradas\u0131n\u0131z! Burada heyecan verici, komik veya \u00e7\u0131lg\u0131n k\u0131sa filmler ve deneyebilece\u011finiz bir\u00e7ok fikir bulacaks\u0131n\u0131z. \u015e\u00f6yle ki: Film oyun park\u0131 logosuna t\u0131klad\u0131\u011f\u0131n\u0131zda, hemen ba\u015flayabilece\u011finiz birka\u00e7 film \u00f6nerisi g\u00f6receksiniz. Ke\u015ffedilecek daha \u00e7ok \u015fey var: K\u0131sa filmlere t\u0131klay\u0131n. Burada eski ve yeni filmleri ke\u015ffedebilir ve kendinizi sineman\u0131n renkli d\u00fcnyas\u0131na kapt\u0131rabilirsiniz. Ba\u015flang\u0131\u00e7ta [&hellip;]\" \/>\n<meta property=\"og:url\" content=\"https:\/\/filmspielplatz.de\/tr\/merhaba\/\" \/>\n<meta property=\"og:site_name\" content=\"Film Oyun Park\u0131\" \/>\n<meta property=\"article:modified_time\" content=\"2022-09-08T11:21:42+00:00\" \/>\n<meta name=\"twitter:card\" content=\"summary_large_image\" \/>\n<meta name=\"twitter:label1\" content=\"Tahmini okuma s\u00fcresi\" \/>\n\t<meta name=\"twitter:data1\" content=\"2 dakika\" \/>\n<script type=\"application\/ld+json\" class=\"yoast-schema-graph\">{\"@context\":\"https:\/\/schema.org\",\"@graph\":[{\"@type\":\"WebPage\",\"@id\":\"https:\/\/filmspielplatz.de\/tr\/merhaba\/\",\"url\":\"https:\/\/filmspielplatz.de\/tr\/merhaba\/\",\"name\":\"Merhaba! - Film Oyun Park\u0131\",\"isPartOf\":{\"@id\":\"https:\/\/filmspielplatz.de\/tr\/#website\"},\"datePublished\":\"2021-11-15T11:35:59+00:00\",\"dateModified\":\"2022-09-08T11:21:42+00:00\",\"breadcrumb\":{\"@id\":\"https:\/\/filmspielplatz.de\/tr\/merhaba\/#breadcrumb\"},\"inLanguage\":\"tr\",\"potentialAction\":[{\"@type\":\"ReadAction\",\"target\":[\"https:\/\/filmspielplatz.de\/tr\/merhaba\/\"]}]},{\"@type\":\"BreadcrumbList\",\"@id\":\"https:\/\/filmspielplatz.de\/tr\/merhaba\/#breadcrumb\",\"itemListElement\":[{\"@type\":\"ListItem\",\"position\":1,\"name\":\"Ana Sayfa\",\"item\":\"https:\/\/filmspielplatz.de\/tr\/\"},{\"@type\":\"ListItem\",\"position\":2,\"name\":\"Merhaba!\"}]},{\"@type\":\"WebSite\",\"@id\":\"https:\/\/filmspielplatz.de\/tr\/#website\",\"url\":\"https:\/\/filmspielplatz.de\/tr\/\",\"name\":\"Film Oyun Park\u0131\",\"description\":\"Deutsches Filmmuseum Frankfurt\",\"publisher\":{\"@id\":\"https:\/\/filmspielplatz.de\/tr\/#organization\"},\"potentialAction\":[{\"@type\":\"SearchAction\",\"target\":{\"@type\":\"EntryPoint\",\"urlTemplate\":\"https:\/\/filmspielplatz.de\/tr\/?s={search_term_string}\"},\"query-input\":{\"@type\":\"PropertyValueSpecification\",\"valueRequired\":true,\"valueName\":\"search_term_string\"}}],\"inLanguage\":\"tr\"},{\"@type\":\"Organization\",\"@id\":\"https:\/\/filmspielplatz.de\/tr\/#organization\",\"name\":\"Filmspielplatz\",\"url\":\"https:\/\/filmspielplatz.de\/tr\/\",\"logo\":{\"@type\":\"ImageObject\",\"inLanguage\":\"tr\",\"@id\":\"https:\/\/filmspielplatz.de\/tr\/#\/schema\/logo\/image\/\",\"url\":\"https:\/\/filmspielplatz.de\/wp-content\/uploads\/2021\/11\/Beitragsbild_Fortbildung.jpg\",\"contentUrl\":\"https:\/\/filmspielplatz.de\/wp-content\/uploads\/2021\/11\/Beitragsbild_Fortbildung.jpg\",\"width\":600,\"height\":600,\"caption\":\"Filmspielplatz\"},\"image\":{\"@id\":\"https:\/\/filmspielplatz.de\/tr\/#\/schema\/logo\/image\/\"}}]}<\/script>\n<!-- \/ Yoast SEO plugin. -->","yoast_head_json":{"title":"Merhaba! - Film Oyun Park\u0131","robots":{"index":"index","follow":"follow","max-snippet":"max-snippet:-1","max-image-preview":"max-image-preview:large","max-video-preview":"max-video-preview:-1"},"canonical":"https:\/\/filmspielplatz.de\/tr\/merhaba\/","og_locale":"tr_TR","og_type":"article","og_title":"Merhaba! - Film Oyun Park\u0131","og_description":"Film oyun park\u0131na ho\u015f geldiniz. \u0130yi ki buradas\u0131n\u0131z! Burada heyecan verici, komik veya \u00e7\u0131lg\u0131n k\u0131sa filmler ve deneyebilece\u011finiz bir\u00e7ok fikir bulacaks\u0131n\u0131z. \u015e\u00f6yle ki: Film oyun park\u0131 logosuna t\u0131klad\u0131\u011f\u0131n\u0131zda, hemen ba\u015flayabilece\u011finiz birka\u00e7 film \u00f6nerisi g\u00f6receksiniz. Ke\u015ffedilecek daha \u00e7ok \u015fey var: K\u0131sa filmlere t\u0131klay\u0131n. Burada eski ve yeni filmleri ke\u015ffedebilir ve kendinizi sineman\u0131n renkli d\u00fcnyas\u0131na kapt\u0131rabilirsiniz. Ba\u015flang\u0131\u00e7ta [&hellip;]","og_url":"https:\/\/filmspielplatz.de\/tr\/merhaba\/","og_site_name":"Film Oyun Park\u0131","article_modified_time":"2022-09-08T11:21:42+00:00","twitter_card":"summary_large_image","twitter_misc":{"Tahmini okuma s\u00fcresi":"2 dakika"},"schema":{"@context":"https:\/\/schema.org","@graph":[{"@type":"WebPage","@id":"https:\/\/filmspielplatz.de\/tr\/merhaba\/","url":"https:\/\/filmspielplatz.de\/tr\/merhaba\/","name":"Merhaba! - Film Oyun Park\u0131","isPartOf":{"@id":"https:\/\/filmspielplatz.de\/tr\/#website"},"datePublished":"2021-11-15T11:35:59+00:00","dateModified":"2022-09-08T11:21:42+00:00","breadcrumb":{"@id":"https:\/\/filmspielplatz.de\/tr\/merhaba\/#breadcrumb"},"inLanguage":"tr","potentialAction":[{"@type":"ReadAction","target":["https:\/\/filmspielplatz.de\/tr\/merhaba\/"]}]},{"@type":"BreadcrumbList","@id":"https:\/\/filmspielplatz.de\/tr\/merhaba\/#breadcrumb","itemListElement":[{"@type":"ListItem","position":1,"name":"Ana Sayfa","item":"https:\/\/filmspielplatz.de\/tr\/"},{"@type":"ListItem","position":2,"name":"Merhaba!"}]},{"@type":"WebSite","@id":"https:\/\/filmspielplatz.de\/tr\/#website","url":"https:\/\/filmspielplatz.de\/tr\/","name":"Film Oyun Park\u0131","description":"Deutsches Filmmuseum Frankfurt","publisher":{"@id":"https:\/\/filmspielplatz.de\/tr\/#organization"},"potentialAction":[{"@type":"SearchAction","target":{"@type":"EntryPoint","urlTemplate":"https:\/\/filmspielplatz.de\/tr\/?s={search_term_string}"},"query-input":{"@type":"PropertyValueSpecification","valueRequired":true,"valueName":"search_term_string"}}],"inLanguage":"tr"},{"@type":"Organization","@id":"https:\/\/filmspielplatz.de\/tr\/#organization","name":"Filmspielplatz","url":"https:\/\/filmspielplatz.de\/tr\/","logo":{"@type":"ImageObject","inLanguage":"tr","@id":"https:\/\/filmspielplatz.de\/tr\/#\/schema\/logo\/image\/","url":"https:\/\/filmspielplatz.de\/wp-content\/uploads\/2021\/11\/Beitragsbild_Fortbildung.jpg","contentUrl":"https:\/\/filmspielplatz.de\/wp-content\/uploads\/2021\/11\/Beitragsbild_Fortbildung.jpg","width":600,"height":600,"caption":"Filmspielplatz"},"image":{"@id":"https:\/\/filmspielplatz.de\/tr\/#\/schema\/logo\/image\/"}}]}},"_links":{"self":[{"href":"https:\/\/filmspielplatz.de\/tr\/wp-json\/wp\/v2\/pages\/1085","targetHints":{"allow":["GET"]}}],"collection":[{"href":"https:\/\/filmspielplatz.de\/tr\/wp-json\/wp\/v2\/pages"}],"about":[{"href":"https:\/\/filmspielplatz.de\/tr\/wp-json\/wp\/v2\/types\/page"}],"author":[{"embeddable":true,"href":"https:\/\/filmspielplatz.de\/tr\/wp-json\/wp\/v2\/users\/1"}],"replies":[{"embeddable":true,"href":"https:\/\/filmspielplatz.de\/tr\/wp-json\/wp\/v2\/comments?post=1085"}],"version-history":[{"count":6,"href":"https:\/\/filmspielplatz.de\/tr\/wp-json\/wp\/v2\/pages\/1085\/revisions"}],"predecessor-version":[{"id":2247,"href":"https:\/\/filmspielplatz.de\/tr\/wp-json\/wp\/v2\/pages\/1085\/revisions\/2247"}],"wp:attachment":[{"href":"https:\/\/filmspielplatz.de\/tr\/wp-json\/wp\/v2\/media?parent=1085"}],"curies":[{"name":"wp","href":"https:\/\/api.w.org\/{rel}","templated":true}]}}