{"id":1359,"date":"2021-07-16T13:18:15","date_gmt":"2021-07-16T11:18:15","guid":{"rendered":"https:\/\/filmspielplatz.de\/impressum\/"},"modified":"2024-10-28T14:51:46","modified_gmt":"2024-10-28T13:51:46","slug":"impressum","status":"publish","type":"page","link":"https:\/\/filmspielplatz.de\/pl\/impressum\/","title":{"rendered":"Impressum"},"content":{"rendered":"\r\n\r\n\r\n<h2 class=\"wp-block-heading\">Angaben gem\u00e4\u00df \u00a7 5 TMG<\/h2>\r\n\r\n\r\n\r\n<p>Gemeinsame Betreiber dieser Website sind<\/p>\r\n\r\n\r\n\r\n<p>DFF \u2013 Deutsches Filminstitut &amp; Filmmuseum e.V.<br \/>Schaumainkai 41<br \/>60596 Frankfurt am Main<br \/>Deutschland<\/p>\r\n\r\n\r\n\r\n<p>Vertreten durch<br \/>Tobias R\u00f6mer (Vorstand, Verwaltungsdirektor)<br \/>Christine Kopf (komm. Direktorin)<\/p>\r\n\r\n\r\n\r\n<p>Zust\u00e4ndiges Vereinsregister:<br \/>Amtsgericht Frankfurt am Main<br \/>\u2013 Registergericht \u2013<br \/>Heiligkreuzgasse 34<br \/>60313 Frankfurt am Main<br \/>\u2013 Gesch\u00e4ftsnummer: VR 7975 \u2013<\/p>\r\n\r\n\r\n\r\n<p>Stiftung Deutsche Kinemathek \u2013 Museum f\u00fcr Film und Fernsehen<br \/>Potsdamer Stra\u00dfe 2<br \/>10785 Berlin<br \/>Deutschland<\/p>\r\n\r\n\r\n\r\n<p>Die Stiftung Deutsche Kinemathek ist eine rechtsf\u00e4hige Stiftung des b\u00fcrgerlichen Rechts und hat ihren Sitz in Berlin.<\/p>\r\n\r\n\r\n\r\n<p>Vertretungsberechtigter Vorstand<br \/>Dr. Rainer Rother<br \/>Florian Bolenius<\/p>\r\n\r\n\r\n\r\n<h2 class=\"wp-block-heading\">Kontakt<\/h2>\r\n\r\n\r\n\r\n<p>DFF \u2013 Deutsches Filminstitut &amp; Filmmuseum e.V.<\/p>\r\n\r\n\r\n\r\n<p>Telefon: +49-69 961220-308<br \/>Telefax: +49-69 961220-312<br \/>E-Mail: <a href=\"mailto:filmbildung@dff.film\">filmbildung@dff.film<\/a><\/p>\r\n\r\n\r\n\r\n<p>Stiftung Deutsche Kinemathek \u2013 Museum f\u00fcr Film und Fernsehen<\/p>\r\n\r\n\r\n\r\n<p>Telefon: +49 30 300903-622<br \/>Telefax: +49 30 300903-13<br \/>E-Mail: <a href=\"mailto:bildung@deutsche-kinemathek.de\">bildung@deutsche-kinemathek.de<\/a><\/p>\r\n\r\n\r\n\r\n<h2 class=\"wp-block-heading\">Umsatzsteuer-Identifikationsnummer<\/h2>\r\n\r\n\r\n\r\n<p>DFF \u2013 Deutsches Filminstitut &amp; Filmmuseum e.V.<\/p>\r\n\r\n\r\n\r\n<p>Umsatzsteuer-Identifikationsnummer gem\u00e4\u00df \u00a7 27 a Umsatzsteuergesetz:<br \/>DE113891109<\/p>\r\n\r\n\r\n\r\n<p>Stiftung Deutsche Kinemathek \u2013 Museum f\u00fcr Film und Fernsehen<\/p>\r\n\r\n\r\n\r\n<p>Umsatzsteuer-Identifikationsnummer gem\u00e4\u00df \u00a7 27 a Umsatzsteuergesetz:<br \/>DE136623695<\/p>\r\n\r\n\r\n\r\n<h2 class=\"wp-block-heading\">Verantwortlich f\u00fcr den Inhalt nach \u00a755 ABS. 2 RSTV:<\/h2>\r\n\r\n\r\n\r\n<p>Christine Kopf (komm.)<br \/>DFF \u2013 Deutsches Filminstitut &amp; Filmmuseum e.V.<br \/>Schaumainkai 41<br \/>60596 Frankfurt am Main<br \/>Telefon: +49 69 961 220 \u2013 301<br \/><a href=\"mailto:direktion@dff.film\">direktion@dff.film<\/a><\/p>\r\n\r\n\r\n\r\n<p>Dr. Rainer Rother<br \/>K\u00fcnstlerischer Direktor<br \/>Deutsche Kinemathek \u2013 Museum f\u00fcr Film und Fernsehen<br \/>Potsdamer Stra\u00dfe 2<br \/>10785 Berlin<br \/>Telefon: +49 30 300903-0<br \/><a href=\"mailto:rrother@deutsche-kinemathek.de\">rrother<\/a><a href=\"mailto:shollmann@deutsche-kinemathek.de\">@deutsche-kinemathek.de<\/a><\/p>\r\n\r\n\r\n\r\n<h2 class=\"wp-block-heading\">Haftungsausschluss<\/h2>\r\n\r\n\r\n\r\n<p>Haftung f\u00fcr Inhalte<br \/>Die Inhalte dieser Website werden mit gr\u00f6\u00dftm\u00f6glicher Sorgfalt erstellt. Der Anbieter \u00fcbernimmt jedoch keine Gew\u00e4hr f\u00fcr die Richtigkeit, Vollst\u00e4ndigkeit und Aktualit\u00e4t der bereitgestellten Inhalte. Die Nutzung der Inhalte der Website erfolgt auf eigene Gefahr des Nutzers. Namentlich gekennzeichnete Beitr\u00e4ge geben die Meinung des jeweiligen Autors und nicht immer die Meinung des Anbieters wieder. Mit der reinen Nutzung der Website des Anbieters kommt keinerlei Vertragsverh\u00e4ltnis zwischen dem Nutzer und dem Anbieter zustande.<\/p>\r\n\r\n\r\n\r\n<p>Haftung f\u00fcr Links<br \/>Unser Angebot enth\u00e4lt Links zu externen Webseiten Dritter, auf deren Inhalte wir keinen Einfluss haben. Deshalb k\u00f6nnen wir f\u00fcr diese fremden Inhalte auch keine Gew\u00e4hr \u00fcbernehmen. F\u00fcr die Inhalte der verlinkten Seiten ist stets der jeweilige Anbieter oder Betreiber der Seiten verantwortlich. Die verlinkten Seiten wurden zum Zeitpunkt der Verlinkung auf m\u00f6gliche Rechtsverst\u00f6\u00dfe \u00fcberpr\u00fcft. Rechtswidrige Inhalte waren zum Zeitpunkt der Verlinkung nicht erkennbar. Eine permanente inhaltliche Kontrolle der verlinkten Seiten ist jedoch ohne konkrete Anhaltspunkte einer Rechtsverletzung nicht zumutbar. Bei Bekanntwerden von Rechtsverletzungen werden wir derartige Links umgehend entfernen.<\/p>\r\n\r\n\r\n\r\n<p>Urheberrecht<br \/>Die durch die Seitenbetreiber erstellten Inhalte und Werke auf diesen Seiten unterliegen dem deutschen Urheberrecht. Die Vervielf\u00e4ltigung, Bearbeitung, Verbreitung und jede Art der Verwertung au\u00dferhalb der Grenzen des Urheberrechtes bed\u00fcrfen der schriftlichen Zustimmung des jeweiligen Autors bzw. Erstellers. Downloads und Kopien dieser Seite sind nur f\u00fcr den privaten, nicht kommerziellen Gebrauch gestattet. Soweit die Inhalte auf dieser Seite nicht vom Betreiber erstellt wurden, werden die Urheberrechte Dritter beachtet. Insbesondere werden Inhalte Dritter als solche gekennzeichnet. Sollten Sie trotzdem auf eine Urheberrechtsverletzung aufmerksam werden, bitten wir um einen entsprechenden Hinweis. Bei Bekanntwerden von Rechtsverletzungen werden wir derartige Inhalte umgehend entfernen.<\/p>\r\n\r\n\r\n\r\n<h2 class=\"wp-block-heading\">Alternative Streitbeteiligung<\/h2>\r\n\r\n\r\n\r\n<p>Die Europ\u00e4ische Kommission stellt eine Plattform f\u00fcr die au\u00dfergerichtliche Online-Streitbeilegung (OS-Plattform) bereit, aufrufbar unter: <a href=\"http:\/\/ec.europa.eu\/odr\">http:\/\/ec.europa.eu\/odr<\/a><\/p>\r\n\r\n\r\n\r\n<p>Wir sind nicht bereit oder verpflichtet, an Streitbeilegungsverfahren vor einer Verbraucherschlichtungsstelle teilzunehmen.<\/p>\r\n\r\n\r\n\r\n<p>Quelle: <a href=\"https:\/\/www.e-recht24.de\" target=\"_blank\" rel=\"noreferrer noopener\">https:\/\/www.e-recht24.de<\/a><\/p>\r\n\r\n\r\n\r\n<h4>Gestaltung<\/h4>\r\n<p><a href=\"http:\/\/www.vonzubinski.de\/\">von Zubinski GbR<\/a><\/p>\r\n<h4>Umsetzung f\u00fcr das Web<\/h4>\r\n<p><a href=\"http:\/\/www.mediamachine.de\/\" target=\"_blank\" rel=\"noopener\"> media machine GmbH<\/a> gemeinsam mit der <a href=\"https:\/\/sinnhaltig.de\/\" target=\"_blank\" rel=\"noopener\">sinn!haltig Web &amp; Media<\/a> Frankfurt.<\/p>\r\n<p><\/p>","protected":false},"excerpt":{"rendered":"<p>Angaben gem\u00e4\u00df \u00a7 5 TMG Gemeinsame Betreiber dieser Website sind DFF \u2013 Deutsches Filminstitut &amp; Filmmuseum e.V.Schaumainkai 4160596 Frankfurt am MainDeutschland Vertreten durchTobias R\u00f6mer (Vorstand, Verwaltungsdirektor)Christine Kopf (komm. Direktorin) Zust\u00e4ndiges Vereinsregister:Amtsgericht Frankfurt am Main\u2013 Registergericht \u2013Heiligkreuzgasse 3460313 Frankfurt am Main\u2013 Gesch\u00e4ftsnummer: VR 7975 \u2013 Stiftung Deutsche Kinemathek \u2013 Museum f\u00fcr Film und FernsehenPotsdamer Stra\u00dfe 210785 [&hellip;]<\/p>\n","protected":false},"author":1,"featured_media":0,"parent":0,"menu_order":0,"comment_status":"closed","ping_status":"closed","template":"","meta":{"_acf_changed":false,"footnotes":""},"class_list":["post-1359","page","type-page","status-publish","hentry"],"acf":[],"yoast_head":"<!-- This site is optimized with the Yoast SEO plugin v27.1.1 - https:\/\/yoast.com\/product\/yoast-seo-wordpress\/ -->\n<title>Impressum - Filmowy plac zabaw<\/title>\n<meta name=\"description\" content=\"Angaben gem\u00e4\u00df \u00a7 5 TMG, Gemeinsame Betreiber dieser Website sind, DFF \u2013 Deutsches Filminstitut &amp; Filmmuseum e.V. und Deutsche Kinemathek.\" \/>\n<meta name=\"robots\" content=\"index, follow, max-snippet:-1, max-image-preview:large, max-video-preview:-1\" \/>\n<link rel=\"canonical\" href=\"https:\/\/filmspielplatz.de\/pl\/impressum\/\" \/>\n<meta property=\"og:locale\" content=\"pl_PL\" \/>\n<meta property=\"og:type\" content=\"article\" \/>\n<meta property=\"og:title\" content=\"Impressum - Filmowy plac zabaw\" \/>\n<meta property=\"og:description\" content=\"Angaben gem\u00e4\u00df \u00a7 5 TMG, Gemeinsame Betreiber dieser Website sind, DFF \u2013 Deutsches Filminstitut &amp; Filmmuseum e.V. und Deutsche Kinemathek.\" \/>\n<meta property=\"og:url\" content=\"https:\/\/filmspielplatz.de\/pl\/impressum\/\" \/>\n<meta property=\"og:site_name\" content=\"Filmowy plac zabaw\" \/>\n<meta property=\"article:modified_time\" content=\"2024-10-28T13:51:46+00:00\" \/>\n<meta name=\"twitter:card\" content=\"summary_large_image\" \/>\n<meta name=\"twitter:label1\" content=\"Szacowany czas czytania\" \/>\n\t<meta name=\"twitter:data1\" content=\"3 minuty\" \/>\n<script type=\"application\/ld+json\" class=\"yoast-schema-graph\">{\"@context\":\"https:\/\/schema.org\",\"@graph\":[{\"@type\":\"WebPage\",\"@id\":\"https:\/\/filmspielplatz.de\/pl\/impressum\/\",\"url\":\"https:\/\/filmspielplatz.de\/pl\/impressum\/\",\"name\":\"Impressum - Filmowy plac zabaw\",\"isPartOf\":{\"@id\":\"https:\/\/filmspielplatz.de\/pl\/#website\"},\"datePublished\":\"2021-07-16T11:18:15+00:00\",\"dateModified\":\"2024-10-28T13:51:46+00:00\",\"description\":\"Angaben gem\u00e4\u00df \u00a7 5 TMG, Gemeinsame Betreiber dieser Website sind, DFF \u2013 Deutsches Filminstitut & Filmmuseum e.V. und Deutsche Kinemathek.\",\"breadcrumb\":{\"@id\":\"https:\/\/filmspielplatz.de\/pl\/impressum\/#breadcrumb\"},\"inLanguage\":\"pl-PL\",\"potentialAction\":[{\"@type\":\"ReadAction\",\"target\":[\"https:\/\/filmspielplatz.de\/pl\/impressum\/\"]}]},{\"@type\":\"BreadcrumbList\",\"@id\":\"https:\/\/filmspielplatz.de\/pl\/impressum\/#breadcrumb\",\"itemListElement\":[{\"@type\":\"ListItem\",\"position\":1,\"name\":\"strona g\u0142\u00f3wna\",\"item\":\"https:\/\/filmspielplatz.de\/pl\/\"},{\"@type\":\"ListItem\",\"position\":2,\"name\":\"Impressum\"}]},{\"@type\":\"WebSite\",\"@id\":\"https:\/\/filmspielplatz.de\/pl\/#website\",\"url\":\"https:\/\/filmspielplatz.de\/pl\/\",\"name\":\"Filmowy plac zabaw\",\"description\":\"Deutsches Filmmuseum Frankfurt\",\"publisher\":{\"@id\":\"https:\/\/filmspielplatz.de\/pl\/#organization\"},\"potentialAction\":[{\"@type\":\"SearchAction\",\"target\":{\"@type\":\"EntryPoint\",\"urlTemplate\":\"https:\/\/filmspielplatz.de\/pl\/?s={search_term_string}\"},\"query-input\":{\"@type\":\"PropertyValueSpecification\",\"valueRequired\":true,\"valueName\":\"search_term_string\"}}],\"inLanguage\":\"pl-PL\"},{\"@type\":\"Organization\",\"@id\":\"https:\/\/filmspielplatz.de\/pl\/#organization\",\"name\":\"Filmspielplatz\",\"url\":\"https:\/\/filmspielplatz.de\/pl\/\",\"logo\":{\"@type\":\"ImageObject\",\"inLanguage\":\"pl-PL\",\"@id\":\"https:\/\/filmspielplatz.de\/pl\/#\/schema\/logo\/image\/\",\"url\":\"https:\/\/filmspielplatz.de\/wp-content\/uploads\/2021\/11\/Beitragsbild_Fortbildung.jpg\",\"contentUrl\":\"https:\/\/filmspielplatz.de\/wp-content\/uploads\/2021\/11\/Beitragsbild_Fortbildung.jpg\",\"width\":600,\"height\":600,\"caption\":\"Filmspielplatz\"},\"image\":{\"@id\":\"https:\/\/filmspielplatz.de\/pl\/#\/schema\/logo\/image\/\"}}]}<\/script>\n<!-- \/ Yoast SEO plugin. -->","yoast_head_json":{"title":"Impressum - Filmowy plac zabaw","description":"Angaben gem\u00e4\u00df \u00a7 5 TMG, Gemeinsame Betreiber dieser Website sind, DFF \u2013 Deutsches Filminstitut & Filmmuseum e.V. und Deutsche Kinemathek.","robots":{"index":"index","follow":"follow","max-snippet":"max-snippet:-1","max-image-preview":"max-image-preview:large","max-video-preview":"max-video-preview:-1"},"canonical":"https:\/\/filmspielplatz.de\/pl\/impressum\/","og_locale":"pl_PL","og_type":"article","og_title":"Impressum - Filmowy plac zabaw","og_description":"Angaben gem\u00e4\u00df \u00a7 5 TMG, Gemeinsame Betreiber dieser Website sind, DFF \u2013 Deutsches Filminstitut & Filmmuseum e.V. und Deutsche Kinemathek.","og_url":"https:\/\/filmspielplatz.de\/pl\/impressum\/","og_site_name":"Filmowy plac zabaw","article_modified_time":"2024-10-28T13:51:46+00:00","twitter_card":"summary_large_image","twitter_misc":{"Szacowany czas czytania":"3 minuty"},"schema":{"@context":"https:\/\/schema.org","@graph":[{"@type":"WebPage","@id":"https:\/\/filmspielplatz.de\/pl\/impressum\/","url":"https:\/\/filmspielplatz.de\/pl\/impressum\/","name":"Impressum - Filmowy plac zabaw","isPartOf":{"@id":"https:\/\/filmspielplatz.de\/pl\/#website"},"datePublished":"2021-07-16T11:18:15+00:00","dateModified":"2024-10-28T13:51:46+00:00","description":"Angaben gem\u00e4\u00df \u00a7 5 TMG, Gemeinsame Betreiber dieser Website sind, DFF \u2013 Deutsches Filminstitut & Filmmuseum e.V. und Deutsche Kinemathek.","breadcrumb":{"@id":"https:\/\/filmspielplatz.de\/pl\/impressum\/#breadcrumb"},"inLanguage":"pl-PL","potentialAction":[{"@type":"ReadAction","target":["https:\/\/filmspielplatz.de\/pl\/impressum\/"]}]},{"@type":"BreadcrumbList","@id":"https:\/\/filmspielplatz.de\/pl\/impressum\/#breadcrumb","itemListElement":[{"@type":"ListItem","position":1,"name":"strona g\u0142\u00f3wna","item":"https:\/\/filmspielplatz.de\/pl\/"},{"@type":"ListItem","position":2,"name":"Impressum"}]},{"@type":"WebSite","@id":"https:\/\/filmspielplatz.de\/pl\/#website","url":"https:\/\/filmspielplatz.de\/pl\/","name":"Filmowy plac zabaw","description":"Deutsches Filmmuseum Frankfurt","publisher":{"@id":"https:\/\/filmspielplatz.de\/pl\/#organization"},"potentialAction":[{"@type":"SearchAction","target":{"@type":"EntryPoint","urlTemplate":"https:\/\/filmspielplatz.de\/pl\/?s={search_term_string}"},"query-input":{"@type":"PropertyValueSpecification","valueRequired":true,"valueName":"search_term_string"}}],"inLanguage":"pl-PL"},{"@type":"Organization","@id":"https:\/\/filmspielplatz.de\/pl\/#organization","name":"Filmspielplatz","url":"https:\/\/filmspielplatz.de\/pl\/","logo":{"@type":"ImageObject","inLanguage":"pl-PL","@id":"https:\/\/filmspielplatz.de\/pl\/#\/schema\/logo\/image\/","url":"https:\/\/filmspielplatz.de\/wp-content\/uploads\/2021\/11\/Beitragsbild_Fortbildung.jpg","contentUrl":"https:\/\/filmspielplatz.de\/wp-content\/uploads\/2021\/11\/Beitragsbild_Fortbildung.jpg","width":600,"height":600,"caption":"Filmspielplatz"},"image":{"@id":"https:\/\/filmspielplatz.de\/pl\/#\/schema\/logo\/image\/"}}]}},"_links":{"self":[{"href":"https:\/\/filmspielplatz.de\/pl\/wp-json\/wp\/v2\/pages\/1359","targetHints":{"allow":["GET"]}}],"collection":[{"href":"https:\/\/filmspielplatz.de\/pl\/wp-json\/wp\/v2\/pages"}],"about":[{"href":"https:\/\/filmspielplatz.de\/pl\/wp-json\/wp\/v2\/types\/page"}],"author":[{"embeddable":true,"href":"https:\/\/filmspielplatz.de\/pl\/wp-json\/wp\/v2\/users\/1"}],"replies":[{"embeddable":true,"href":"https:\/\/filmspielplatz.de\/pl\/wp-json\/wp\/v2\/comments?post=1359"}],"version-history":[{"count":10,"href":"https:\/\/filmspielplatz.de\/pl\/wp-json\/wp\/v2\/pages\/1359\/revisions"}],"predecessor-version":[{"id":2280,"href":"https:\/\/filmspielplatz.de\/pl\/wp-json\/wp\/v2\/pages\/1359\/revisions\/2280"}],"wp:attachment":[{"href":"https:\/\/filmspielplatz.de\/pl\/wp-json\/wp\/v2\/media?parent=1359"}],"curies":[{"name":"wp","href":"https:\/\/api.w.org\/{rel}","templated":true}]}}